{"id":2925,"date":"2024-01-30T12:46:39","date_gmt":"2024-01-30T12:46:39","guid":{"rendered":"https:\/\/go-ki.org\/?page_id=2925"},"modified":"2024-07-08T13:23:16","modified_gmt":"2024-07-08T13:23:16","slug":"events","status":"publish","type":"page","link":"https:\/\/go-ki.org\/en\/events\/","title":{"rendered":"Events"},"content":{"rendered":"<div data-elementor-type=\"wp-page\" data-elementor-id=\"2925\" class=\"elementor elementor-2925\" data-elementor-post-type=\"page\">\n\t\t\t\t<div class=\"elementor-element elementor-element-3d3f039 e-flex e-con-boxed e-con e-parent\" data-id=\"3d3f039\" data-element_type=\"container\" data-core-v316-plus=\"true\">\n\t\t\t\t\t<div class=\"e-con-inner\">\n\t\t\t\t<div class=\"elementor-element elementor-element-c6dabb0 elementor-widget elementor-widget-heading\" data-id=\"c6dabb0\" data-element_type=\"widget\" data-widget_type=\"heading.default\">\n\t\t\t\t<div class=\"elementor-widget-container\">\n\t\t\t<style>\/*! elementor - v3.20.0 - 11-03-2024 *\/\n.elementor-heading-title{padding:0;margin:0;line-height:1}.elementor-widget-heading .elementor-heading-title[class*=elementor-size-]>a{color:inherit;font-size:inherit;line-height:inherit}.elementor-widget-heading .elementor-heading-title.elementor-size-small{font-size:15px}.elementor-widget-heading .elementor-heading-title.elementor-size-medium{font-size:19px}.elementor-widget-heading .elementor-heading-title.elementor-size-large{font-size:29px}.elementor-widget-heading .elementor-heading-title.elementor-size-xl{font-size:39px}.elementor-widget-heading .elementor-heading-title.elementor-size-xxl{font-size:59px}<\/style><h2 class=\"elementor-heading-title elementor-size-default\">Events and guided tours<\/h2>\t\t<\/div>\n\t\t\t\t<\/div>\n\t\t\t\t<div class=\"elementor-element elementor-element-1d15c3b elementor-widget elementor-widget-text-editor\" data-id=\"1d15c3b\" data-element_type=\"widget\" data-widget_type=\"text-editor.default\">\n\t\t\t\t<div class=\"elementor-widget-container\">\n\t\t\t<style>\/*! elementor - v3.20.0 - 11-03-2024 *\/\n.elementor-widget-text-editor.elementor-drop-cap-view-stacked .elementor-drop-cap{background-color:#69727d;color:#fff}.elementor-widget-text-editor.elementor-drop-cap-view-framed .elementor-drop-cap{color:#69727d;border:3px solid;background-color:transparent}.elementor-widget-text-editor:not(.elementor-drop-cap-view-default) .elementor-drop-cap{margin-top:8px}.elementor-widget-text-editor:not(.elementor-drop-cap-view-default) .elementor-drop-cap-letter{width:1em;height:1em}.elementor-widget-text-editor .elementor-drop-cap{float:left;text-align:center;line-height:1;font-size:50px}.elementor-widget-text-editor .elementor-drop-cap-letter{display:inline-block}<\/style>\t\t\t\t<p>at ZEKI (Center for tangible AI and digitalization)<br \/>3. floor, Ernst-Reuter-Platz 2, 10587 Berlin<\/p>\t\t\t\t\t\t<\/div>\n\t\t\t\t<\/div>\n\t\t\t\t<div class=\"elementor-element elementor-element-02efd3b elementor-align-left btn-back elementor-widget elementor-widget-button\" data-id=\"02efd3b\" data-element_type=\"widget\" data-widget_type=\"button.default\">\n\t\t\t\t<div class=\"elementor-widget-container\">\n\t\t\t\t\t<div class=\"elementor-button-wrapper\">\n\t\t\t<a class=\"elementor-button elementor-button-link elementor-size-sm elementor-animation-shrink\" href=\"https:\/\/go-ki.org\/en\/anmeldungen\/\">\n\t\t\t\t\t\t<span class=\"elementor-button-content-wrapper\">\n\t\t\t\t\t\t<span class=\"elementor-button-text\">go to upcoming events and tours<\/span>\n\t\t<\/span>\n\t\t\t\t\t<\/a>\n\t\t<\/div>\n\t\t\t\t<\/div>\n\t\t\t\t<\/div>\n\t\t\t\t<div class=\"elementor-element elementor-element-ddd6475 elementor-widget elementor-widget-text-editor\" data-id=\"ddd6475\" data-element_type=\"widget\" data-widget_type=\"text-editor.default\">\n\t\t\t\t<div class=\"elementor-widget-container\">\n\t\t\t\t\t\t\t<p>The aim of the Go-KI project is to network stakeholders from different fields who are involved in the development of AI applications for the common good and to provide them with the necessary skills, technologies and spaces to implement them in a responsible, transparent and integrative manner.<\/p>\t\t\t\t\t\t<\/div>\n\t\t\t\t<\/div>\n\t\t\t\t<div class=\"elementor-element elementor-element-33cd615 elementor-arrows-position-outside elementor-pagination-position-inside elementor-widget elementor-widget-image-carousel\" data-id=\"33cd615\" data-element_type=\"widget\" data-settings=\"{&quot;slides_to_show&quot;:&quot;2&quot;,&quot;image_spacing_custom&quot;:{&quot;unit&quot;:&quot;px&quot;,&quot;size&quot;:10,&quot;sizes&quot;:[]},&quot;navigation&quot;:&quot;both&quot;,&quot;autoplay&quot;:&quot;yes&quot;,&quot;pause_on_hover&quot;:&quot;yes&quot;,&quot;pause_on_interaction&quot;:&quot;yes&quot;,&quot;autoplay_speed&quot;:5000,&quot;infinite&quot;:&quot;yes&quot;,&quot;speed&quot;:500,&quot;image_spacing_custom_tablet&quot;:{&quot;unit&quot;:&quot;px&quot;,&quot;size&quot;:&quot;&quot;,&quot;sizes&quot;:[]},&quot;image_spacing_custom_mobile&quot;:{&quot;unit&quot;:&quot;px&quot;,&quot;size&quot;:&quot;&quot;,&quot;sizes&quot;:[]}}\" data-widget_type=\"image-carousel.default\">\n\t\t\t\t<div class=\"elementor-widget-container\">\n\t\t\t<style>\/*! elementor - v3.20.0 - 11-03-2024 *\/\n.elementor-widget-image-carousel .swiper,.elementor-widget-image-carousel .swiper-container{position:static}.elementor-widget-image-carousel .swiper-container .swiper-slide figure,.elementor-widget-image-carousel .swiper .swiper-slide figure{line-height:inherit}.elementor-widget-image-carousel .swiper-slide{text-align:center}.elementor-image-carousel-wrapper:not(.swiper-container-initialized):not(.swiper-initialized) .swiper-slide{max-width:calc(100% \/ var(--e-image-carousel-slides-to-show, 3))}<\/style>\t\t<div class=\"elementor-image-carousel-wrapper swiper\" dir=\"ltr\">\n\t\t\t<div class=\"elementor-image-carousel swiper-wrapper\" aria-live=\"off\">\n\t\t\t\t\t\t\t\t<div class=\"swiper-slide\" role=\"group\" aria-roledescription=\"slide\" aria-label=\"1 of 5\"><figure class=\"swiper-slide-inner\"><img decoding=\"async\" class=\"swiper-slide-image\" src=\"https:\/\/go-ki.org\/wp-content\/uploads\/2024\/01\/event1-768x512.jpg\" alt=\"F\u00fchrung ZEKI\" \/><\/figure><\/div><div class=\"swiper-slide\" role=\"group\" aria-roledescription=\"slide\" aria-label=\"2 of 5\"><figure class=\"swiper-slide-inner\"><img decoding=\"async\" class=\"swiper-slide-image\" src=\"https:\/\/go-ki.org\/wp-content\/uploads\/2024\/01\/event5-768x512.jpg\" alt=\"F\u00fchrung ZEKI\" \/><\/figure><\/div><div class=\"swiper-slide\" role=\"group\" aria-roledescription=\"slide\" aria-label=\"3 of 5\"><figure class=\"swiper-slide-inner\"><img decoding=\"async\" class=\"swiper-slide-image\" src=\"https:\/\/go-ki.org\/wp-content\/uploads\/2024\/01\/event2-768x512.jpg\" alt=\"F\u00fchrung ZEKI\" \/><\/figure><\/div><div class=\"swiper-slide\" role=\"group\" aria-roledescription=\"slide\" aria-label=\"4 of 5\"><figure class=\"swiper-slide-inner\"><img decoding=\"async\" class=\"swiper-slide-image\" src=\"https:\/\/go-ki.org\/wp-content\/uploads\/2024\/01\/event3-768x512.jpg\" alt=\"F\u00fchrung ZEKI\" \/><\/figure><\/div><div class=\"swiper-slide\" role=\"group\" aria-roledescription=\"slide\" aria-label=\"5 of 5\"><figure class=\"swiper-slide-inner\"><img decoding=\"async\" class=\"swiper-slide-image\" src=\"https:\/\/go-ki.org\/wp-content\/uploads\/2024\/01\/event4-768x512.jpg\" alt=\"robot\" \/><\/figure><\/div>\t\t\t<\/div>\n\t\t\t\t\t\t\t\t\t\t\t\t<div class=\"elementor-swiper-button elementor-swiper-button-prev\" role=\"button\" tabindex=\"0\">\n\t\t\t\t\t\t<i aria-hidden=\"true\" class=\"eicon-chevron-left\"><\/i>\t\t\t\t\t<\/div>\n\t\t\t\t\t<div class=\"elementor-swiper-button elementor-swiper-button-next\" role=\"button\" tabindex=\"0\">\n\t\t\t\t\t\t<i aria-hidden=\"true\" class=\"eicon-chevron-right\"><\/i>\t\t\t\t\t<\/div>\n\t\t\t\t\n\t\t\t\t\t\t\t\t\t<div class=\"swiper-pagination\"><\/div>\n\t\t\t\t\t\t\t\t\t<\/div>\n\t\t\t\t<\/div>\n\t\t\t\t<\/div>\n\t\t\t\t<div class=\"elementor-element elementor-element-2b8e416 elementor-widget elementor-widget-text-editor\" data-id=\"2b8e416\" data-element_type=\"widget\" data-widget_type=\"text-editor.default\">\n\t\t\t\t<div class=\"elementor-widget-container\">\n\t\t\t\t\t\t\t<p>The real-world laboratory at ZEKI (Centre for Tangible AI and Digitalization) serves as a state-of-the-art coworking space for start-ups, entrepreneurs, events and workshops, as well as a testing ground for research into increasing efficiency, effectiveness and ergonomics through the use of AI (artificial intelligence). This creates opportunities to test new ideas and technologies for the working world of tomorrow.<\/p><p>With the guided tours through ZEKI, you can gain an insight into the working world of the future, which will be increasingly permeated by AI. In addition to results from Go-KI, the integrated control center also provides an insight into the BeIntelli project's test track for autonomous driving.<\/p><p>Further information on public events within the  Go-KI project can also be found at <a href=\"https:\/\/www.meetup.com\/berlin-tangible-xai-group\/\">Meetup.com<\/a>.<\/p>\t\t\t\t\t\t<\/div>\n\t\t\t\t<\/div>\n\t\t\t\t<div class=\"elementor-element elementor-element-2300917 elementor-widget__width-initial elementor-widget elementor-widget-text-editor\" data-id=\"2300917\" data-element_type=\"widget\" data-widget_type=\"text-editor.default\">\n\t\t\t\t<div class=\"elementor-widget-container\">\n\t\t\t\t\t\t\t<p><strong>Note:<\/strong> The buliding is not open to the public. <br \/>Meeting point is 5 minutes before the event in front of the entrance.<br \/>The events are free of charge.<br \/>Limited number of participants.<br \/><br \/>For questions, please contact<br \/><a href=\"mailto:info@go-ki.org\">info@go-ki.org<\/a>.<\/p>\t\t\t\t\t\t<\/div>\n\t\t\t\t<\/div>\n\t\t\t\t<div class=\"elementor-element elementor-element-865ec59 elementor-align-center btn-back elementor-widget elementor-widget-button\" data-id=\"865ec59\" data-element_type=\"widget\" data-widget_type=\"button.default\">\n\t\t\t\t<div class=\"elementor-widget-container\">\n\t\t\t\t\t<div class=\"elementor-button-wrapper\">\n\t\t\t<a class=\"elementor-button elementor-button-link elementor-size-sm elementor-animation-shrink\" href=\"https:\/\/go-ki.org\/en\/anmeldungen\/\">\n\t\t\t\t\t\t<span class=\"elementor-button-content-wrapper\">\n\t\t\t\t\t\t<span class=\"elementor-button-text\">Register here<\/span>\n\t\t<\/span>\n\t\t\t\t\t<\/a>\n\t\t<\/div>\n\t\t\t\t<\/div>\n\t\t\t\t<\/div>\n\t\t\t\t\t<\/div>\n\t\t\t\t<\/div>\n\t\t\t\t<\/div>","protected":false},"excerpt":{"rendered":"<p>Veranstaltungen und F\u00fchrungen im ZEKI (Zentrum f\u00fcr erlebbare K\u00fcnstliche Intelligenz und Digitalisierung)3. Etage, Ernst-Reuter-Platz 2, 10587 Berlin zu den anstehenden F\u00fchrungen und events Ziel des Projekts Go-KI ist es, Akteure [&hellip;]<\/p>","protected":false},"author":2,"featured_media":0,"parent":0,"menu_order":0,"comment_status":"closed","ping_status":"closed","template":"","meta":{"_price":"","_stock":"","_tribe_ticket_header":"","_tribe_default_ticket_provider":"","_tribe_ticket_capacity":"0","_ticket_start_date":"","_ticket_end_date":"","_tribe_ticket_show_description":"","_tribe_ticket_show_not_going":false,"_tribe_ticket_use_global_stock":"","_tribe_ticket_global_stock_level":"","_global_stock_mode":"","_global_stock_cap":"","_tribe_rsvp_for_event":"","_tribe_ticket_going_count":"","_tribe_ticket_not_going_count":"","_tribe_tickets_list":"[]","_tribe_ticket_has_attendee_info_fields":false,"footnotes":""},"class_list":["post-2925","page","type-page","status-publish","hentry"],"yoast_head":"<!-- This site is optimized with the Yoast SEO plugin v22.2 - https:\/\/yoast.com\/wordpress\/plugins\/seo\/ -->\n<title>Events - goKI<\/title>\n<meta name=\"robots\" content=\"index, follow, max-snippet:-1, max-image-preview:large, max-video-preview:-1\" \/>\n<link rel=\"canonical\" href=\"https:\/\/go-ki.org\/en\/events\/\" \/>\n<meta property=\"og:locale\" content=\"en_GB\" \/>\n<meta property=\"og:type\" content=\"article\" \/>\n<meta property=\"og:title\" content=\"Events - goKI\" \/>\n<meta property=\"og:description\" content=\"Veranstaltungen und F\u00fchrungen im ZEKI (Zentrum f\u00fcr erlebbare K\u00fcnstliche Intelligenz und Digitalisierung)3. Etage, Ernst-Reuter-Platz 2, 10587 Berlin zu den anstehenden F\u00fchrungen und events Ziel des Projekts Go-KI ist es, Akteure [&hellip;]\" \/>\n<meta property=\"og:url\" content=\"https:\/\/go-ki.org\/en\/events\/\" \/>\n<meta property=\"og:site_name\" content=\"goKI\" \/>\n<meta property=\"article:modified_time\" content=\"2024-07-08T13:23:16+00:00\" \/>\n<meta property=\"og:image\" content=\"https:\/\/go-ki.org\/wp-content\/uploads\/2024\/01\/event1-768x512.jpg\" \/>\n<meta name=\"twitter:card\" content=\"summary_large_image\" \/>\n<meta name=\"twitter:label1\" content=\"Estimated reading time\" \/>\n\t<meta name=\"twitter:data1\" content=\"3 minutes\" \/>\n<script type=\"application\/ld+json\" class=\"yoast-schema-graph\">{\"@context\":\"https:\/\/schema.org\",\"@graph\":[{\"@type\":\"WebPage\",\"@id\":\"https:\/\/go-ki.org\/events\/\",\"url\":\"https:\/\/go-ki.org\/events\/\",\"name\":\"Events - goKI\",\"isPartOf\":{\"@id\":\"https:\/\/go-ki.org\/#website\"},\"primaryImageOfPage\":{\"@id\":\"https:\/\/go-ki.org\/events\/#primaryimage\"},\"image\":{\"@id\":\"https:\/\/go-ki.org\/events\/#primaryimage\"},\"thumbnailUrl\":\"https:\/\/go-ki.org\/wp-content\/uploads\/2024\/01\/event1-768x512.jpg\",\"datePublished\":\"2024-01-30T12:46:39+00:00\",\"dateModified\":\"2024-07-08T13:23:16+00:00\",\"breadcrumb\":{\"@id\":\"https:\/\/go-ki.org\/events\/#breadcrumb\"},\"inLanguage\":\"en-GB\",\"potentialAction\":[{\"@type\":\"ReadAction\",\"target\":[\"https:\/\/go-ki.org\/events\/\"]}]},{\"@type\":\"ImageObject\",\"inLanguage\":\"en-GB\",\"@id\":\"https:\/\/go-ki.org\/events\/#primaryimage\",\"url\":\"https:\/\/go-ki.org\/wp-content\/uploads\/2024\/01\/event1.jpg\",\"contentUrl\":\"https:\/\/go-ki.org\/wp-content\/uploads\/2024\/01\/event1.jpg\",\"width\":1125,\"height\":750,\"caption\":\"F\u00fchrung ZEKI\"},{\"@type\":\"BreadcrumbList\",\"@id\":\"https:\/\/go-ki.org\/events\/#breadcrumb\",\"itemListElement\":[{\"@type\":\"ListItem\",\"position\":1,\"name\":\"Startseite\",\"item\":\"https:\/\/go-ki.org\/\"},{\"@type\":\"ListItem\",\"position\":2,\"name\":\"Events\"}]},{\"@type\":\"WebSite\",\"@id\":\"https:\/\/go-ki.org\/#website\",\"url\":\"https:\/\/go-ki.org\/\",\"name\":\"goKI\",\"description\":\"Gemeinwohlorientierte KI\",\"publisher\":{\"@id\":\"https:\/\/go-ki.org\/#organization\"},\"alternateName\":\"Gemeinwohlorientierte KI\",\"potentialAction\":[{\"@type\":\"SearchAction\",\"target\":{\"@type\":\"EntryPoint\",\"urlTemplate\":\"https:\/\/go-ki.org\/?s={search_term_string}\"},\"query-input\":\"required name=search_term_string\"}],\"inLanguage\":\"en-GB\"},{\"@type\":\"Organization\",\"@id\":\"https:\/\/go-ki.org\/#organization\",\"name\":\"goKi\",\"alternateName\":\"Gemeinwohlorientierte KI\",\"url\":\"https:\/\/go-ki.org\/\",\"logo\":{\"@type\":\"ImageObject\",\"inLanguage\":\"en-GB\",\"@id\":\"https:\/\/go-ki.org\/#\/schema\/logo\/image\/\",\"url\":\"https:\/\/go-ki.org\/wp-content\/uploads\/2023\/06\/cropped-go-ki.png\",\"contentUrl\":\"https:\/\/go-ki.org\/wp-content\/uploads\/2023\/06\/cropped-go-ki.png\",\"width\":717,\"height\":297,\"caption\":\"goKi\"},\"image\":{\"@id\":\"https:\/\/go-ki.org\/#\/schema\/logo\/image\/\"}}]}<\/script>\n<!-- \/ Yoast SEO plugin. -->","yoast_head_json":{"title":"Events - goKI","robots":{"index":"index","follow":"follow","max-snippet":"max-snippet:-1","max-image-preview":"max-image-preview:large","max-video-preview":"max-video-preview:-1"},"canonical":"https:\/\/go-ki.org\/en\/events\/","og_locale":"en_GB","og_type":"article","og_title":"Events - goKI","og_description":"Veranstaltungen und F\u00fchrungen im ZEKI (Zentrum f\u00fcr erlebbare K\u00fcnstliche Intelligenz und Digitalisierung)3. Etage, Ernst-Reuter-Platz 2, 10587 Berlin zu den anstehenden F\u00fchrungen und events Ziel des Projekts Go-KI ist es, Akteure [&hellip;]","og_url":"https:\/\/go-ki.org\/en\/events\/","og_site_name":"goKI","article_modified_time":"2024-07-08T13:23:16+00:00","og_image":[{"url":"https:\/\/go-ki.org\/wp-content\/uploads\/2024\/01\/event1-768x512.jpg"}],"twitter_card":"summary_large_image","twitter_misc":{"Estimated reading time":"3 minutes"},"schema":{"@context":"https:\/\/schema.org","@graph":[{"@type":"WebPage","@id":"https:\/\/go-ki.org\/events\/","url":"https:\/\/go-ki.org\/events\/","name":"Events - goKI","isPartOf":{"@id":"https:\/\/go-ki.org\/#website"},"primaryImageOfPage":{"@id":"https:\/\/go-ki.org\/events\/#primaryimage"},"image":{"@id":"https:\/\/go-ki.org\/events\/#primaryimage"},"thumbnailUrl":"https:\/\/go-ki.org\/wp-content\/uploads\/2024\/01\/event1-768x512.jpg","datePublished":"2024-01-30T12:46:39+00:00","dateModified":"2024-07-08T13:23:16+00:00","breadcrumb":{"@id":"https:\/\/go-ki.org\/events\/#breadcrumb"},"inLanguage":"en-GB","potentialAction":[{"@type":"ReadAction","target":["https:\/\/go-ki.org\/events\/"]}]},{"@type":"ImageObject","inLanguage":"en-GB","@id":"https:\/\/go-ki.org\/events\/#primaryimage","url":"https:\/\/go-ki.org\/wp-content\/uploads\/2024\/01\/event1.jpg","contentUrl":"https:\/\/go-ki.org\/wp-content\/uploads\/2024\/01\/event1.jpg","width":1125,"height":750,"caption":"F\u00fchrung ZEKI"},{"@type":"BreadcrumbList","@id":"https:\/\/go-ki.org\/events\/#breadcrumb","itemListElement":[{"@type":"ListItem","position":1,"name":"Startseite","item":"https:\/\/go-ki.org\/"},{"@type":"ListItem","position":2,"name":"Events"}]},{"@type":"WebSite","@id":"https:\/\/go-ki.org\/#website","url":"https:\/\/go-ki.org\/","name":"goKI","description":"Gemeinwohlorientierte KI","publisher":{"@id":"https:\/\/go-ki.org\/#organization"},"alternateName":"Gemeinwohlorientierte KI","potentialAction":[{"@type":"SearchAction","target":{"@type":"EntryPoint","urlTemplate":"https:\/\/go-ki.org\/?s={search_term_string}"},"query-input":"required name=search_term_string"}],"inLanguage":"en-GB"},{"@type":"Organization","@id":"https:\/\/go-ki.org\/#organization","name":"goKi","alternateName":"Gemeinwohlorientierte KI","url":"https:\/\/go-ki.org\/","logo":{"@type":"ImageObject","inLanguage":"en-GB","@id":"https:\/\/go-ki.org\/#\/schema\/logo\/image\/","url":"https:\/\/go-ki.org\/wp-content\/uploads\/2023\/06\/cropped-go-ki.png","contentUrl":"https:\/\/go-ki.org\/wp-content\/uploads\/2023\/06\/cropped-go-ki.png","width":717,"height":297,"caption":"goKi"},"image":{"@id":"https:\/\/go-ki.org\/#\/schema\/logo\/image\/"}}]}},"_links":{"self":[{"href":"https:\/\/go-ki.org\/en\/wp-json\/wp\/v2\/pages\/2925","targetHints":{"allow":["GET"]}}],"collection":[{"href":"https:\/\/go-ki.org\/en\/wp-json\/wp\/v2\/pages"}],"about":[{"href":"https:\/\/go-ki.org\/en\/wp-json\/wp\/v2\/types\/page"}],"author":[{"embeddable":true,"href":"https:\/\/go-ki.org\/en\/wp-json\/wp\/v2\/users\/2"}],"replies":[{"embeddable":true,"href":"https:\/\/go-ki.org\/en\/wp-json\/wp\/v2\/comments?post=2925"}],"version-history":[{"count":88,"href":"https:\/\/go-ki.org\/en\/wp-json\/wp\/v2\/pages\/2925\/revisions"}],"predecessor-version":[{"id":3454,"href":"https:\/\/go-ki.org\/en\/wp-json\/wp\/v2\/pages\/2925\/revisions\/3454"}],"wp:attachment":[{"href":"https:\/\/go-ki.org\/en\/wp-json\/wp\/v2\/media?parent=2925"}],"curies":[{"name":"wp","href":"https:\/\/api.w.org\/{rel}","templated":true}]}}